{"id":8336,"date":"2020-08-08T18:45:51","date_gmt":"2020-08-08T21:45:51","guid":{"rendered":"https:\/\/cmsaobernardo.ma.gov.br\/transparencia\/?page_id=8336"},"modified":"2025-01-15T10:28:46","modified_gmt":"2025-01-15T13:28:46","slug":"cartas-de-servicos","status":"publish","type":"page","link":"https:\/\/cmsaobernardo.ma.gov.br\/transparencia\/cartas-de-servicos\/","title":{"rendered":"Carta de Servi\u00e7os"},"content":{"rendered":"<p>Acesse a Cartas de Servi\u00e7os da C\u00e2mara Municipal<\/p>\n<div id=\"footable_parent_8335\"\n         class=\" footable_parent ninja_table_wrapper loading_ninja_table wp_table_data_press_parent semantic_ui \">\n                <table data-ninja_table_instance=\"ninja_table_instance_0\" data-footable_id=\"8335\" data-filter-delay=\"1000\" aria-label=\"Cartas de Servi\u00e7os\"            id=\"footable_8335\"\n           data-unique_identifier=\"ninja_table_unique_id_948435419_8335\"\n           class=\" foo-table ninja_footable foo_table_8335 ninja_table_unique_id_948435419_8335 ui table  nt_type_legacy_table selectable striped vertical_centered  footable-paging-right ninja_table_pro ninja_table_afd_inline ninja_table_has_custom_filter\">\n                <colgroup>\n                            <col class=\"ninja_column_0 \">\n                            <col class=\"ninja_column_1 \">\n                            <col class=\"ninja_column_2 \">\n                            <col class=\"ninja_column_3 \">\n                    <\/colgroup>\n        <thead>\n<tr class=\"footable-header\">\n                                                                        <th scope=\"col\"  class=\"ninja_column_0 ninja_clmn_nm_posttitle \">Descri\u00e7\u00e3o<\/th><th scope=\"col\"  class=\"ninja_column_1 ninja_clmn_nm_postdate \">Data da Publica\u00e7\u00e3o<\/th><th scope=\"col\"  class=\"ninja_column_2 ninja_clmn_nm_cartadeservicosano \">Ano<\/th><th scope=\"col\"  class=\"ninja_column_3 ninja_clmn_nm_download \">Download<\/th><\/tr>\n<\/thead>\n<tbody>\n\n<\/tbody><!--ninja_tobody_rendering_done-->\n    <\/table>\n    \n    \n    \n<\/div>\n\n","protected":false},"excerpt":{"rendered":"<p>Acesse a Cartas de Servi\u00e7os da C\u00e2mara Municipal<\/p>\n","protected":false},"author":1,"featured_media":0,"parent":0,"menu_order":0,"comment_status":"closed","ping_status":"closed","template":"","meta":{"_acf_changed":false,"footnotes":""},"categories":[1],"tags":[],"class_list":["post-8336","page","type-page","status-publish","hentry","category-exibir-front"],"acf":{"nome":"Carta de Servi\u00e7os","link":"https:\/\/cmsaobernardo.ma.gov.br\/transparencia\/cartas-de-servicos\/","icone":"fas fa-file"},"_links":{"self":[{"href":"https:\/\/cmsaobernardo.ma.gov.br\/transparencia\/wp-json\/wp\/v2\/pages\/8336","targetHints":{"allow":["GET"]}}],"collection":[{"href":"https:\/\/cmsaobernardo.ma.gov.br\/transparencia\/wp-json\/wp\/v2\/pages"}],"about":[{"href":"https:\/\/cmsaobernardo.ma.gov.br\/transparencia\/wp-json\/wp\/v2\/types\/page"}],"author":[{"embeddable":true,"href":"https:\/\/cmsaobernardo.ma.gov.br\/transparencia\/wp-json\/wp\/v2\/users\/1"}],"replies":[{"embeddable":true,"href":"https:\/\/cmsaobernardo.ma.gov.br\/transparencia\/wp-json\/wp\/v2\/comments?post=8336"}],"version-history":[{"count":3,"href":"https:\/\/cmsaobernardo.ma.gov.br\/transparencia\/wp-json\/wp\/v2\/pages\/8336\/revisions"}],"predecessor-version":[{"id":8925,"href":"https:\/\/cmsaobernardo.ma.gov.br\/transparencia\/wp-json\/wp\/v2\/pages\/8336\/revisions\/8925"}],"wp:attachment":[{"href":"https:\/\/cmsaobernardo.ma.gov.br\/transparencia\/wp-json\/wp\/v2\/media?parent=8336"}],"wp:term":[{"taxonomy":"category","embeddable":true,"href":"https:\/\/cmsaobernardo.ma.gov.br\/transparencia\/wp-json\/wp\/v2\/categories?post=8336"},{"taxonomy":"post_tag","embeddable":true,"href":"https:\/\/cmsaobernardo.ma.gov.br\/transparencia\/wp-json\/wp\/v2\/tags?post=8336"}],"curies":[{"name":"wp","href":"https:\/\/api.w.org\/{rel}","templated":true}]}}