{"id":8321,"date":"2020-08-08T18:35:49","date_gmt":"2020-08-08T21:35:49","guid":{"rendered":"https:\/\/cmsaobernardo.ma.gov.br\/transparencia\/?page_id=8321"},"modified":"2023-08-08T18:36:26","modified_gmt":"2023-08-08T21:36:26","slug":"parecer-previo","status":"publish","type":"page","link":"https:\/\/cmsaobernardo.ma.gov.br\/transparencia\/parecer-previo\/","title":{"rendered":"Parecer Pr\u00e9vio"},"content":{"rendered":"<p>Acesse as informa\u00e7\u00f5es sobre os Pareceres Pr\u00e9vios<\/p>\n<div id=\"footable_parent_8320\"\n         class=\" footable_parent ninja_table_wrapper loading_ninja_table wp_table_data_press_parent semantic_ui \">\n                <table data-ninja_table_instance=\"ninja_table_instance_0\" data-footable_id=\"8320\" data-filter-delay=\"1000\" aria-label=\"Parecer Pr\u00e9vio\"            id=\"footable_8320\"\n           data-unique_identifier=\"ninja_table_unique_id_3989894774_8320\"\n           class=\" foo-table ninja_footable foo_table_8320 ninja_table_unique_id_3989894774_8320 ui table  nt_type_legacy_table selectable striped vertical_centered  footable-paging-right ninja_table_pro ninja_table_afd_inline ninja_table_has_custom_filter\">\n                <colgroup>\n                            <col class=\"ninja_column_0 \">\n                            <col class=\"ninja_column_1 \">\n                            <col class=\"ninja_column_2 \">\n                            <col class=\"ninja_column_3 \">\n                    <\/colgroup>\n        <thead>\n<tr class=\"footable-header\">\n                                                                        <th scope=\"col\"  class=\"ninja_column_0 ninja_clmn_nm_posttitle \">Descri\u00e7\u00e3o<\/th><th scope=\"col\"  class=\"ninja_column_1 ninja_clmn_nm_postdate \">Data da Publica\u00e7\u00e3o<\/th><th scope=\"col\"  class=\"ninja_column_2 ninja_clmn_nm_parecerprevioano \">Ano<\/th><th scope=\"col\"  class=\"ninja_column_3 ninja_clmn_nm_download \">Download<\/th><\/tr>\n<\/thead>\n<tbody>\n\n<\/tbody><!--ninja_tobody_rendering_done-->\n    <\/table>\n    \n    \n    \n<\/div>\n\n","protected":false},"excerpt":{"rendered":"<p>Acesse as informa\u00e7\u00f5es sobre os Pareceres Pr\u00e9vios<\/p>\n","protected":false},"author":1,"featured_media":0,"parent":0,"menu_order":0,"comment_status":"closed","ping_status":"closed","template":"","meta":{"_acf_changed":false,"footnotes":""},"categories":[1],"tags":[],"class_list":["post-8321","page","type-page","status-publish","hentry","category-exibir-front"],"acf":{"nome":"Parecer Pr\u00e9vio","link":"https:\/\/cmsaobernardo.ma.gov.br\/transparencia\/parecer-previo\/","icone":"fas fa-file"},"_links":{"self":[{"href":"https:\/\/cmsaobernardo.ma.gov.br\/transparencia\/wp-json\/wp\/v2\/pages\/8321","targetHints":{"allow":["GET"]}}],"collection":[{"href":"https:\/\/cmsaobernardo.ma.gov.br\/transparencia\/wp-json\/wp\/v2\/pages"}],"about":[{"href":"https:\/\/cmsaobernardo.ma.gov.br\/transparencia\/wp-json\/wp\/v2\/types\/page"}],"author":[{"embeddable":true,"href":"https:\/\/cmsaobernardo.ma.gov.br\/transparencia\/wp-json\/wp\/v2\/users\/1"}],"replies":[{"embeddable":true,"href":"https:\/\/cmsaobernardo.ma.gov.br\/transparencia\/wp-json\/wp\/v2\/comments?post=8321"}],"version-history":[{"count":2,"href":"https:\/\/cmsaobernardo.ma.gov.br\/transparencia\/wp-json\/wp\/v2\/pages\/8321\/revisions"}],"predecessor-version":[{"id":8324,"href":"https:\/\/cmsaobernardo.ma.gov.br\/transparencia\/wp-json\/wp\/v2\/pages\/8321\/revisions\/8324"}],"wp:attachment":[{"href":"https:\/\/cmsaobernardo.ma.gov.br\/transparencia\/wp-json\/wp\/v2\/media?parent=8321"}],"wp:term":[{"taxonomy":"category","embeddable":true,"href":"https:\/\/cmsaobernardo.ma.gov.br\/transparencia\/wp-json\/wp\/v2\/categories?post=8321"},{"taxonomy":"post_tag","embeddable":true,"href":"https:\/\/cmsaobernardo.ma.gov.br\/transparencia\/wp-json\/wp\/v2\/tags?post=8321"}],"curies":[{"name":"wp","href":"https:\/\/api.w.org\/{rel}","templated":true}]}}