{"id":8280,"date":"2023-08-08T17:58:00","date_gmt":"2023-08-08T20:58:00","guid":{"rendered":"https:\/\/cmsaobernardo.ma.gov.br\/transparencia\/?page_id=8280"},"modified":"2023-08-08T17:58:06","modified_gmt":"2023-08-08T20:58:06","slug":"transferencias-voluntarias","status":"publish","type":"page","link":"https:\/\/cmsaobernardo.ma.gov.br\/transparencia\/transferencias-voluntarias\/","title":{"rendered":"Transfer\u00eancias Volunt\u00e1rias"},"content":{"rendered":"<p>Acesse as Transfer\u00eancias Volunt\u00e1rias da C\u00e2mara Municipal<\/p>\n<div id=\"footable_parent_8279\"\n         class=\" footable_parent ninja_table_wrapper loading_ninja_table wp_table_data_press_parent semantic_ui \">\n                <table data-ninja_table_instance=\"ninja_table_instance_0\" data-footable_id=\"8279\" data-filter-delay=\"1000\" aria-label=\"Transfer\u00eancias Volunt\u00e1rias\"            id=\"footable_8279\"\n           data-unique_identifier=\"ninja_table_unique_id_347782905_8279\"\n           class=\" foo-table ninja_footable foo_table_8279 ninja_table_unique_id_347782905_8279 ui table  nt_type_legacy_table selectable striped vertical_centered  footable-paging-right ninja_table_pro ninja_table_afd_inline ninja_table_has_custom_filter\">\n                <colgroup>\n                            <col class=\"ninja_column_0 \">\n                            <col class=\"ninja_column_1 \">\n                            <col class=\"ninja_column_2 \">\n                            <col class=\"ninja_column_3 \">\n                            <col class=\"ninja_column_4 \">\n                    <\/colgroup>\n        <thead>\n<tr class=\"footable-header\">\n                                                                                        <th scope=\"col\"  class=\"ninja_column_0 ninja_clmn_nm_posttitle \">Descri\u00e7\u00e3o<\/th><th scope=\"col\"  class=\"ninja_column_1 ninja_clmn_nm_postdate \">Data da Publica\u00e7\u00e3o<\/th><th scope=\"col\"  class=\"ninja_column_2 ninja_clmn_nm_transferenciasvolunano \">Ano<\/th><th scope=\"col\"  class=\"ninja_column_3 ninja_clmn_nm_transferenciasvolunmes \">M\u00eas<\/th><th scope=\"col\"  class=\"ninja_column_4 ninja_clmn_nm_download \">Download<\/th><\/tr>\n<\/thead>\n<tbody>\n\n<\/tbody><!--ninja_tobody_rendering_done-->\n    <\/table>\n    \n    \n    \n<\/div>\n\n","protected":false},"excerpt":{"rendered":"<p>Acesse as Transfer\u00eancias Volunt\u00e1rias da C\u00e2mara Municipal<\/p>\n","protected":false},"author":1,"featured_media":0,"parent":0,"menu_order":0,"comment_status":"closed","ping_status":"closed","template":"","meta":{"_acf_changed":false,"footnotes":""},"categories":[1],"tags":[],"class_list":["post-8280","page","type-page","status-publish","hentry","category-exibir-front"],"acf":{"nome":"Transfer\u00eancias Volunt\u00e1rias","link":"https:\/\/cmsaobernardo.ma.gov.br\/transparencia\/transferencias-voluntarias\/","icone":"fas fa-file"},"_links":{"self":[{"href":"https:\/\/cmsaobernardo.ma.gov.br\/transparencia\/wp-json\/wp\/v2\/pages\/8280","targetHints":{"allow":["GET"]}}],"collection":[{"href":"https:\/\/cmsaobernardo.ma.gov.br\/transparencia\/wp-json\/wp\/v2\/pages"}],"about":[{"href":"https:\/\/cmsaobernardo.ma.gov.br\/transparencia\/wp-json\/wp\/v2\/types\/page"}],"author":[{"embeddable":true,"href":"https:\/\/cmsaobernardo.ma.gov.br\/transparencia\/wp-json\/wp\/v2\/users\/1"}],"replies":[{"embeddable":true,"href":"https:\/\/cmsaobernardo.ma.gov.br\/transparencia\/wp-json\/wp\/v2\/comments?post=8280"}],"version-history":[{"count":2,"href":"https:\/\/cmsaobernardo.ma.gov.br\/transparencia\/wp-json\/wp\/v2\/pages\/8280\/revisions"}],"predecessor-version":[{"id":8283,"href":"https:\/\/cmsaobernardo.ma.gov.br\/transparencia\/wp-json\/wp\/v2\/pages\/8280\/revisions\/8283"}],"wp:attachment":[{"href":"https:\/\/cmsaobernardo.ma.gov.br\/transparencia\/wp-json\/wp\/v2\/media?parent=8280"}],"wp:term":[{"taxonomy":"category","embeddable":true,"href":"https:\/\/cmsaobernardo.ma.gov.br\/transparencia\/wp-json\/wp\/v2\/categories?post=8280"},{"taxonomy":"post_tag","embeddable":true,"href":"https:\/\/cmsaobernardo.ma.gov.br\/transparencia\/wp-json\/wp\/v2\/tags?post=8280"}],"curies":[{"name":"wp","href":"https:\/\/api.w.org\/{rel}","templated":true}]}}