{"id":7698,"date":"2021-03-17T16:57:37","date_gmt":"2021-03-17T19:57:37","guid":{"rendered":"https:\/\/cmsaobernardo.ma.gov.br\/transparencia\/?page_id=7698"},"modified":"2025-01-14T10:37:55","modified_gmt":"2025-01-14T13:37:55","slug":"frequencia-mensal","status":"publish","type":"page","link":"https:\/\/cmsaobernardo.ma.gov.br\/transparencia\/frequencia-mensal\/","title":{"rendered":"Frequ\u00eancia Mensal"},"content":{"rendered":"<p>Acesse a Frequ\u00eancia Mensal dos Vereadores da C\u00e2mara Municipal<\/p>\n<div id=\"footable_parent_8905\"\n         class=\" footable_parent ninja_table_wrapper loading_ninja_table wp_table_data_press_parent semantic_ui \">\n                <table data-ninja_table_instance=\"ninja_table_instance_0\" data-footable_id=\"8905\" data-filter-delay=\"1000\" aria-label=\"Frequ\u00eancia Mensal\"            id=\"footable_8905\"\n           data-unique_identifier=\"ninja_table_unique_id_4262372217_8905\"\n           class=\" foo-table ninja_footable foo_table_8905 ninja_table_unique_id_4262372217_8905 ui table  nt_type_legacy_table selectable striped vertical_centered  footable-paging-right ninja_table_pro ninja_table_afd_inline ninja_table_has_custom_filter\">\n                <colgroup>\n                            <col class=\"ninja_column_0 \">\n                            <col class=\"ninja_column_1 \">\n                            <col class=\"ninja_column_2 \">\n                            <col class=\"ninja_column_3 \">\n                            <col class=\"ninja_column_4 \">\n                    <\/colgroup>\n        <thead>\n<tr class=\"footable-header\">\n                                                                                        <th scope=\"col\"  class=\"ninja_column_0 ninja_clmn_nm_posttitle \">Descri\u00e7\u00e3o<\/th><th scope=\"col\"  class=\"ninja_column_1 ninja_clmn_nm_postdate \">Data da Publica\u00e7\u00e3o<\/th><th scope=\"col\"  class=\"ninja_column_2 ninja_clmn_nm_frequenciamensalano \">Ano<\/th><th scope=\"col\"  class=\"ninja_column_3 ninja_clmn_nm_frequenciamensalmes \">Mes<\/th><th scope=\"col\"  class=\"ninja_column_4 ninja_clmn_nm_download \">Download<\/th><\/tr>\n<\/thead>\n<tbody>\n\n        <tr data-row_id=\"0\" class=\"ninja_table_row_0 nt_row_id_0\">\n            <td>Frequ\u00eancia Mensal - maio 2024<\/td><td>05\/06\/2024<\/td><td>2024<\/td><td>Maio<\/td><td><a target=\"_blank\" download class=\"nt_btn nt_rounded_btn\" style=\"color: rgba(255, 255, 255, 1);background-color: rgba(11, 169, 30, 1);border-color: rgba(11, 169, 30, 1);\" rel=\"\" href=\"https:\/\/cmsaobernardo.ma.gov.br\/transparencia\/wp-content\/uploads\/2024\/06\/Relatorio-de-frequencia-nas-sessoes-maio-2024.pdf\">Download<\/a><\/td>        <\/tr>\n            <tr data-row_id=\"1\" class=\"ninja_table_row_1 nt_row_id_1\">\n            <td>Frequ\u00eancia Mensal - abril 2024<\/td><td>05\/05\/2024<\/td><td>2024<\/td><td>Abril<\/td><td><a target=\"_blank\" download class=\"nt_btn nt_rounded_btn\" style=\"color: rgba(255, 255, 255, 1);background-color: rgba(11, 169, 30, 1);border-color: rgba(11, 169, 30, 1);\" rel=\"\" href=\"https:\/\/cmsaobernardo.ma.gov.br\/transparencia\/wp-content\/uploads\/2024\/06\/Relatorio-de-frequencia-nas-sessoes-abril-2024.pdf\">Download<\/a><\/td>        <\/tr>\n            <tr data-row_id=\"2\" class=\"ninja_table_row_2 nt_row_id_2\">\n            <td>Frequ\u00eancia Mensal - mar\u00e7o 2024<\/td><td>05\/04\/2024<\/td><td>2024<\/td><td>Mar\u00e7o<\/td><td><a target=\"_blank\" download class=\"nt_btn nt_rounded_btn\" style=\"color: rgba(255, 255, 255, 1);background-color: rgba(11, 169, 30, 1);border-color: rgba(11, 169, 30, 1);\" rel=\"\" href=\"https:\/\/cmsaobernardo.ma.gov.br\/transparencia\/wp-content\/uploads\/2024\/06\/Relatorio-de-frequencia-nas-sessoes-marco-2024.pdf\">Download<\/a><\/td>        <\/tr>\n            <tr data-row_id=\"3\" class=\"ninja_table_row_3 nt_row_id_3\">\n            <td>Frequ\u00eancia Mensal - fevereiro 2024<\/td><td>05\/03\/2024<\/td><td>2024<\/td><td>Fevereiro<\/td><td><a target=\"_blank\" download class=\"nt_btn nt_rounded_btn\" style=\"color: rgba(255, 255, 255, 1);background-color: rgba(11, 169, 30, 1);border-color: rgba(11, 169, 30, 1);\" rel=\"\" href=\"https:\/\/cmsaobernardo.ma.gov.br\/transparencia\/wp-content\/uploads\/2024\/06\/Relatorio-de-frequencia-nas-sessoes-fevereiro-2024.pdf\">Download<\/a><\/td>        <\/tr>\n            <tr data-row_id=\"4\" class=\"ninja_table_row_4 nt_row_id_4\">\n            <td>Frequ\u00eancia Mensal - janeiro 2024<\/td><td>05\/02\/2024<\/td><td>2024<\/td><td>Janeiro<\/td><td><a target=\"_blank\" download class=\"nt_btn nt_rounded_btn\" style=\"color: rgba(255, 255, 255, 1);background-color: rgba(11, 169, 30, 1);border-color: rgba(11, 169, 30, 1);\" rel=\"\" href=\"https:\/\/cmsaobernardo.ma.gov.br\/transparencia\/wp-content\/uploads\/2024\/06\/Relatorio-de-frequencia-nas-sessoes-janeiro-2024.pdf\">Download<\/a><\/td>        <\/tr>\n            <tr data-row_id=\"5\" class=\"ninja_table_row_5 nt_row_id_5\">\n            <td>Frequ\u00eancia Mensal - dezembro 2023<\/td><td>05\/01\/2024<\/td><td>2023<\/td><td>Dezembro<\/td><td><a target=\"_blank\" download class=\"nt_btn nt_rounded_btn\" style=\"color: rgba(255, 255, 255, 1);background-color: rgba(11, 169, 30, 1);border-color: rgba(11, 169, 30, 1);\" rel=\"\" href=\"https:\/\/cmsaobernardo.ma.gov.br\/transparencia\/wp-content\/uploads\/2024\/06\/Relatorio-de-frequencia-nas-sessoes-dezembro-2023.pdf\">Download<\/a><\/td>        <\/tr>\n            <tr data-row_id=\"6\" class=\"ninja_table_row_6 nt_row_id_6\">\n            <td>Frequ\u00eancia Mensal - novembro 2023<\/td><td>05\/12\/2023<\/td><td>2023<\/td><td>Novembro<\/td><td><a target=\"_blank\" download class=\"nt_btn nt_rounded_btn\" style=\"color: rgba(255, 255, 255, 1);background-color: rgba(11, 169, 30, 1);border-color: rgba(11, 169, 30, 1);\" rel=\"\" href=\"https:\/\/cmsaobernardo.ma.gov.br\/transparencia\/wp-content\/uploads\/2024\/06\/Relatorio-de-frequencia-nas-sessoes-novembro-2023.pdf\">Download<\/a><\/td>        <\/tr>\n            <tr data-row_id=\"7\" class=\"ninja_table_row_7 nt_row_id_7\">\n            <td>Frequ\u00eancia Mensal - outubro 2023<\/td><td>05\/11\/2023<\/td><td>2023<\/td><td>Outubro<\/td><td><a target=\"_blank\" download class=\"nt_btn nt_rounded_btn\" style=\"color: rgba(255, 255, 255, 1);background-color: rgba(11, 169, 30, 1);border-color: rgba(11, 169, 30, 1);\" rel=\"\" href=\"https:\/\/cmsaobernardo.ma.gov.br\/transparencia\/wp-content\/uploads\/2024\/06\/Relatorio-de-frequencia-nas-sessoes-outubro-2023.pdf\">Download<\/a><\/td>        <\/tr>\n            <tr data-row_id=\"8\" class=\"ninja_table_row_8 nt_row_id_8\">\n            <td>Frequ\u00eancia Mensal - setembro 2023<\/td><td>05\/10\/2023<\/td><td>2023<\/td><td>Setembro<\/td><td><a target=\"_blank\" download class=\"nt_btn nt_rounded_btn\" style=\"color: rgba(255, 255, 255, 1);background-color: rgba(11, 169, 30, 1);border-color: rgba(11, 169, 30, 1);\" rel=\"\" href=\"https:\/\/cmsaobernardo.ma.gov.br\/transparencia\/wp-content\/uploads\/2024\/06\/Relatorio-de-frequencia-nas-sessoes-setembro-2023.pdf\">Download<\/a><\/td>        <\/tr>\n            <tr data-row_id=\"9\" class=\"ninja_table_row_9 nt_row_id_9\">\n            <td>Frequ\u00eancia Mensal - agosto 2023<\/td><td>05\/09\/2023<\/td><td>2023<\/td><td>Agosto<\/td><td><a target=\"_blank\" download class=\"nt_btn nt_rounded_btn\" style=\"color: rgba(255, 255, 255, 1);background-color: rgba(11, 169, 30, 1);border-color: rgba(11, 169, 30, 1);\" rel=\"\" href=\"https:\/\/cmsaobernardo.ma.gov.br\/transparencia\/wp-content\/uploads\/2024\/06\/Relatorio-de-frequencia-nas-sessoes-agosto-2023.pdf\">Download<\/a><\/td>        <\/tr>\n            <tr data-row_id=\"10\" class=\"ninja_table_row_10 nt_row_id_10\">\n            <td>Frequ\u00eancia Mensal - junho 2023<\/td><td>05\/07\/2023<\/td><td>2023<\/td><td>Junho<\/td><td><a target=\"_blank\" download class=\"nt_btn nt_rounded_btn\" style=\"color: rgba(255, 255, 255, 1);background-color: rgba(11, 169, 30, 1);border-color: rgba(11, 169, 30, 1);\" rel=\"\" href=\"https:\/\/cmsaobernardo.ma.gov.br\/transparencia\/wp-content\/uploads\/2024\/06\/Relatorio-de-frequencia-nas-sessoes-junho-2023.pdf\">Download<\/a><\/td>        <\/tr>\n            <tr data-row_id=\"11\" class=\"ninja_table_row_11 nt_row_id_11\">\n            <td>Frequ\u00eancia Mensal - Maio 2023<\/td><td>01\/06\/2023<\/td><td>2023<\/td><td>Maio<\/td><td><a target=\"_blank\" download class=\"nt_btn nt_rounded_btn\" style=\"color: rgba(255, 255, 255, 1);background-color: rgba(11, 169, 30, 1);border-color: rgba(11, 169, 30, 1);\" rel=\"\" href=\"https:\/\/cmsaobernardo.ma.gov.br\/transparencia\/wp-content\/uploads\/2024\/06\/Relatorio-de-frequencia-nas-sessoes-Maio-2023.pdf\">Download<\/a><\/td>        <\/tr>\n            <tr data-row_id=\"12\" class=\"ninja_table_row_12 nt_row_id_12\">\n            <td>Frequ\u00eancia Mensal - Abril 2023<\/td><td>01\/05\/2023<\/td><td>2023<\/td><td>Abril<\/td><td><a target=\"_blank\" download class=\"nt_btn nt_rounded_btn\" style=\"color: rgba(255, 255, 255, 1);background-color: rgba(11, 169, 30, 1);border-color: rgba(11, 169, 30, 1);\" rel=\"\" href=\"https:\/\/cmsaobernardo.ma.gov.br\/transparencia\/wp-content\/uploads\/2024\/06\/Relatorio-de-frequencia-nas-sessoes-abril-2023.pdf\">Download<\/a><\/td>        <\/tr>\n            <tr data-row_id=\"13\" class=\"ninja_table_row_13 nt_row_id_13\">\n            <td>Frequ\u00eancia Mensal - Mar\u00e7o 2023<\/td><td>03\/04\/2023<\/td><td>2023<\/td><td>Mar\u00e7o<\/td><td><a target=\"_blank\" download class=\"nt_btn nt_rounded_btn\" style=\"color: rgba(255, 255, 255, 1);background-color: rgba(11, 169, 30, 1);border-color: rgba(11, 169, 30, 1);\" rel=\"\" href=\"https:\/\/cmsaobernardo.ma.gov.br\/transparencia\/wp-content\/uploads\/2024\/06\/Relatorio-de-frequencia-nas-sessoes-marco-2023.pdf\">Download<\/a><\/td>        <\/tr>\n            <tr data-row_id=\"14\" class=\"ninja_table_row_14 nt_row_id_14\">\n            <td>Frequ\u00eancia Mensal - Fevereiro 2023<\/td><td>28\/02\/2023<\/td><td>2023<\/td><td>Fevereiro<\/td><td><a target=\"_blank\" download class=\"nt_btn nt_rounded_btn\" style=\"color: rgba(255, 255, 255, 1);background-color: rgba(11, 169, 30, 1);border-color: rgba(11, 169, 30, 1);\" rel=\"\" href=\"https:\/\/cmsaobernardo.ma.gov.br\/transparencia\/wp-content\/uploads\/2024\/06\/Relatorio-de-frequencia-nas-sessoes-fevereiro-2023.pdf\">Download<\/a><\/td>        <\/tr>\n            <tr data-row_id=\"15\" class=\"ninja_table_row_15 nt_row_id_15\">\n            <td>Frequ\u00eancia Mensal - Novembro 2022<\/td><td>05\/12\/2022<\/td><td>2022<\/td><td>Novembro<\/td><td><a target=\"_blank\" download class=\"nt_btn nt_rounded_btn\" style=\"color: rgba(255, 255, 255, 1);background-color: rgba(11, 169, 30, 1);border-color: rgba(11, 169, 30, 1);\" rel=\"\" href=\"https:\/\/cmsaobernardo.ma.gov.br\/transparencia\/wp-content\/uploads\/2022\/12\/Relatorio-de-frequencia-nas-sessoes-Novembro-2022.pdf\">Download<\/a><\/td>        <\/tr>\n            <tr data-row_id=\"16\" class=\"ninja_table_row_16 nt_row_id_16\">\n            <td>Frequ\u00eancia Mensal - Outubro 2022<\/td><td>07\/11\/2022<\/td><td>2022<\/td><td>Outubro<\/td><td><a target=\"_blank\" download class=\"nt_btn nt_rounded_btn\" style=\"color: rgba(255, 255, 255, 1);background-color: rgba(11, 169, 30, 1);border-color: rgba(11, 169, 30, 1);\" rel=\"\" href=\"https:\/\/cmsaobernardo.ma.gov.br\/transparencia\/wp-content\/uploads\/2022\/12\/Relatorio-de-frequencia-nas-sessoes-Outubro-2022.pdf\">Download<\/a><\/td>        <\/tr>\n            <tr data-row_id=\"17\" class=\"ninja_table_row_17 nt_row_id_17\">\n            <td>Frequ\u00eancia Mensal - Setembro 2022<\/td><td>05\/10\/2022<\/td><td>2022<\/td><td>Setembro<\/td><td><a target=\"_blank\" download class=\"nt_btn nt_rounded_btn\" style=\"color: rgba(255, 255, 255, 1);background-color: rgba(11, 169, 30, 1);border-color: rgba(11, 169, 30, 1);\" rel=\"\" href=\"https:\/\/cmsaobernardo.ma.gov.br\/transparencia\/wp-content\/uploads\/2022\/12\/Relatorio-de-frequencia-nas-sessoes-Setembro-2022.pdf\">Download<\/a><\/td>        <\/tr>\n            <tr data-row_id=\"18\" class=\"ninja_table_row_18 nt_row_id_18\">\n            <td>Frequ\u00eancia Mensal - Agosto 2022<\/td><td>05\/09\/2022<\/td><td>2022<\/td><td>Agosto<\/td><td><a target=\"_blank\" download class=\"nt_btn nt_rounded_btn\" style=\"color: rgba(255, 255, 255, 1);background-color: rgba(11, 169, 30, 1);border-color: rgba(11, 169, 30, 1);\" rel=\"\" href=\"https:\/\/cmsaobernardo.ma.gov.br\/transparencia\/wp-content\/uploads\/2022\/12\/Relatorio-de-frequencia-nas-sessoes-Agosto-2022.pdf\">Download<\/a><\/td>        <\/tr>\n            <tr data-row_id=\"19\" class=\"ninja_table_row_19 nt_row_id_19\">\n            <td>Frequ\u00eancia Mensal - Julho 2022<\/td><td>05\/08\/2022<\/td><td>2022<\/td><td>Julho<\/td><td><a target=\"_blank\" download class=\"nt_btn nt_rounded_btn\" style=\"color: rgba(255, 255, 255, 1);background-color: rgba(11, 169, 30, 1);border-color: rgba(11, 169, 30, 1);\" rel=\"\" href=\"https:\/\/cmsaobernardo.ma.gov.br\/transparencia\/wp-content\/uploads\/2022\/07\/Relatorio-de-frequencia-nas-sessoes-Julho-2022.pdf\">Download<\/a><\/td>        <\/tr>\n            <tr data-row_id=\"20\" class=\"ninja_table_row_20 nt_row_id_20\">\n            <td>Frequ\u00eancia Mensal - Junho 2022<\/td><td>05\/07\/2022<\/td><td>2022<\/td><td>Junho<\/td><td><a target=\"_blank\" download class=\"nt_btn nt_rounded_btn\" style=\"color: rgba(255, 255, 255, 1);background-color: rgba(11, 169, 30, 1);border-color: rgba(11, 169, 30, 1);\" rel=\"\" href=\"https:\/\/cmsaobernardo.ma.gov.br\/transparencia\/wp-content\/uploads\/2022\/07\/Relatorio-de-frequencia-nas-sessoes-Junho-2022.pdf\">Download<\/a><\/td>        <\/tr>\n            <tr data-row_id=\"21\" class=\"ninja_table_row_21 nt_row_id_21\">\n            <td>Frequ\u00eancia Mensal - Maio 2022<\/td><td>06\/06\/2022<\/td><td>2022<\/td><td>Maio<\/td><td><a target=\"_blank\" download class=\"nt_btn nt_rounded_btn\" style=\"color: rgba(255, 255, 255, 1);background-color: rgba(11, 169, 30, 1);border-color: rgba(11, 169, 30, 1);\" rel=\"\" href=\"https:\/\/cmsaobernardo.ma.gov.br\/transparencia\/wp-content\/uploads\/2022\/07\/Relatorio-de-frequencia-nas-sessoes-Maio-2022.pdf\">Download<\/a><\/td>        <\/tr>\n            <tr data-row_id=\"22\" class=\"ninja_table_row_22 nt_row_id_22\">\n            <td>Frequ\u00eancia Mensal - Abril 2022<\/td><td>05\/05\/2022<\/td><td>2022<\/td><td>Abril<\/td><td><a target=\"_blank\" download class=\"nt_btn nt_rounded_btn\" style=\"color: rgba(255, 255, 255, 1);background-color: rgba(11, 169, 30, 1);border-color: rgba(11, 169, 30, 1);\" rel=\"\" href=\"https:\/\/cmsaobernardo.ma.gov.br\/transparencia\/wp-content\/uploads\/2022\/05\/Relatorio-de-frequencia-nas-sessoes-Abril-2022.pdf\">Download<\/a><\/td>        <\/tr>\n            <tr data-row_id=\"23\" class=\"ninja_table_row_23 nt_row_id_23\">\n            <td>Frequ\u00eancia Mensal - Mar\u00e7o 2022<\/td><td>05\/04\/2022<\/td><td>2022<\/td><td>Mar\u00e7o<\/td><td><a target=\"_blank\" download class=\"nt_btn nt_rounded_btn\" style=\"color: rgba(255, 255, 255, 1);background-color: rgba(11, 169, 30, 1);border-color: rgba(11, 169, 30, 1);\" rel=\"\" href=\"https:\/\/cmsaobernardo.ma.gov.br\/transparencia\/wp-content\/uploads\/2022\/05\/Relatorio-de-frequencia-nas-sessoes-Marco-2022.pdf\">Download<\/a><\/td>        <\/tr>\n            <tr data-row_id=\"24\" class=\"ninja_table_row_24 nt_row_id_24\">\n            <td>Frequ\u00eancia Mensal - Fevereiro 2022<\/td><td>07\/03\/2022<\/td><td>2022<\/td><td>Fevereiro<\/td><td><a target=\"_blank\" download class=\"nt_btn nt_rounded_btn\" style=\"color: rgba(255, 255, 255, 1);background-color: rgba(11, 169, 30, 1);border-color: rgba(11, 169, 30, 1);\" rel=\"\" href=\"https:\/\/cmsaobernardo.ma.gov.br\/transparencia\/wp-content\/uploads\/2022\/05\/Relatorio-de-frequencia-nas-sessoes.-fevereiro-2022.pdf\">Download<\/a><\/td>        <\/tr>\n            <tr data-row_id=\"25\" class=\"ninja_table_row_25 nt_row_id_25\">\n            <td>Frequ\u00eancia Mensal \u2013 Outubro 2021<\/td><td>05\/11\/2021<\/td><td>2021<\/td><td>Outubro<\/td><td><a target=\"_blank\" download class=\"nt_btn nt_rounded_btn\" style=\"color: rgba(255, 255, 255, 1);background-color: rgba(11, 169, 30, 1);border-color: rgba(11, 169, 30, 1);\" rel=\"\" href=\"https:\/\/cmsaobernardo.ma.gov.br\/transparencia\/wp-content\/uploads\/2021\/11\/Relatorio-de-frequencia-nas-sessoes-Outubro.pdf\">Download<\/a><\/td>        <\/tr>\n            <tr data-row_id=\"26\" class=\"ninja_table_row_26 nt_row_id_26\">\n            <td>Frequ\u00eancia Mensal \u2013 Setembro 2021<\/td><td>05\/10\/2021<\/td><td>2021<\/td><td>Setembro<\/td><td><a target=\"_blank\" download class=\"nt_btn nt_rounded_btn\" style=\"color: rgba(255, 255, 255, 1);background-color: rgba(11, 169, 30, 1);border-color: rgba(11, 169, 30, 1);\" rel=\"\" href=\"https:\/\/cmsaobernardo.ma.gov.br\/transparencia\/wp-content\/uploads\/2021\/11\/Relatorio-de-frequencia-nas-sessoes-Setembro.pdf\">Download<\/a><\/td>        <\/tr>\n            <tr data-row_id=\"27\" class=\"ninja_table_row_27 nt_row_id_27\">\n            <td>Frequ\u00eancia Mensal \u2013 Agosto 2021<\/td><td>06\/09\/2021<\/td><td>2021<\/td><td>Agosto<\/td><td><a target=\"_blank\" download class=\"nt_btn nt_rounded_btn\" style=\"color: rgba(255, 255, 255, 1);background-color: rgba(11, 169, 30, 1);border-color: rgba(11, 169, 30, 1);\" rel=\"\" href=\"https:\/\/cmsaobernardo.ma.gov.br\/transparencia\/wp-content\/uploads\/2021\/11\/Relatorio-de-frequencia-nas-sessoes-Agosto.pdf\">Download<\/a><\/td>        <\/tr>\n            <tr data-row_id=\"28\" class=\"ninja_table_row_28 nt_row_id_28\">\n            <td>Frequ\u00eancia Mensal - Julho 2021<\/td><td>05\/08\/2021<\/td><td>2021<\/td><td>Julho<\/td><td><a target=\"_blank\" download class=\"nt_btn nt_rounded_btn\" style=\"color: rgba(255, 255, 255, 1);background-color: rgba(11, 169, 30, 1);border-color: rgba(11, 169, 30, 1);\" rel=\"\" href=\"https:\/\/cmsaobernardo.ma.gov.br\/transparencia\/wp-content\/uploads\/2021\/11\/Relatorio-de-frequencia-nas-sessoes-Julho.pdf\">Download<\/a><\/td>        <\/tr>\n            <tr data-row_id=\"29\" class=\"ninja_table_row_29 nt_row_id_29\">\n            <td>Frequ\u00eancia Mensal - Junho 2021<\/td><td>05\/07\/2021<\/td><td>2021<\/td><td>Junho<\/td><td><a target=\"_blank\" download class=\"nt_btn nt_rounded_btn\" style=\"color: rgba(255, 255, 255, 1);background-color: rgba(11, 169, 30, 1);border-color: rgba(11, 169, 30, 1);\" rel=\"\" href=\"https:\/\/cmsaobernardo.ma.gov.br\/transparencia\/wp-content\/uploads\/2021\/11\/Relatorio-de-frequencia-nas-sessoes-Junho.pdf\">Download<\/a><\/td>        <\/tr>\n            <tr data-row_id=\"30\" class=\"ninja_table_row_30 nt_row_id_30\">\n            <td>Frequ\u00eancia Mensal - Maio 2021<\/td><td>07\/06\/2021<\/td><td>2021<\/td><td>Maio<\/td><td><a target=\"_blank\" download class=\"nt_btn nt_rounded_btn\" style=\"color: rgba(255, 255, 255, 1);background-color: rgba(11, 169, 30, 1);border-color: rgba(11, 169, 30, 1);\" rel=\"\" href=\"https:\/\/cmsaobernardo.ma.gov.br\/transparencia\/wp-content\/uploads\/2021\/11\/Relatorio-de-frequencia-nas-sessoes-Maio.pdf\">Download<\/a><\/td>        <\/tr>\n            <tr data-row_id=\"31\" class=\"ninja_table_row_31 nt_row_id_31\">\n            <td>Frequ\u00eancia Mensal - Abril 2021<\/td><td>05\/05\/2021<\/td><td>2021<\/td><td>Abril<\/td><td><a target=\"_blank\" download class=\"nt_btn nt_rounded_btn\" style=\"color: rgba(255, 255, 255, 1);background-color: rgba(11, 169, 30, 1);border-color: rgba(11, 169, 30, 1);\" rel=\"\" href=\"https:\/\/cmsaobernardo.ma.gov.br\/transparencia\/wp-content\/uploads\/2021\/11\/Relatorio-de-frequencia-nas-sessoes-Abril.pdf\">Download<\/a><\/td>        <\/tr>\n            <tr data-row_id=\"32\" class=\"ninja_table_row_32 nt_row_id_32\">\n            <td>Frequ\u00eancia Mensal - Mar\u00e7o 2021<\/td><td>05\/04\/2021<\/td><td>2021<\/td><td>Mar\u00e7o<\/td><td><a target=\"_blank\" download class=\"nt_btn nt_rounded_btn\" style=\"color: rgba(255, 255, 255, 1);background-color: rgba(11, 169, 30, 1);border-color: rgba(11, 169, 30, 1);\" rel=\"\" href=\"https:\/\/cmsaobernardo.ma.gov.br\/transparencia\/wp-content\/uploads\/2021\/04\/Relatorio-de-frequencia-nas-sessoes-Marco.pdf\">Download<\/a><\/td>        <\/tr>\n            <tr data-row_id=\"33\" class=\"ninja_table_row_33 nt_row_id_33\">\n            <td>Frequ\u00eancia Mensal - Fevereiro 2021<\/td><td>05\/03\/2021<\/td><td>2021<\/td><td>Fevereiro<\/td><td><a target=\"_blank\" download class=\"nt_btn nt_rounded_btn\" style=\"color: rgba(255, 255, 255, 1);background-color: rgba(11, 169, 30, 1);border-color: rgba(11, 169, 30, 1);\" rel=\"\" href=\"https:\/\/cmsaobernardo.ma.gov.br\/transparencia\/wp-content\/uploads\/2021\/11\/Relatorio-de-frequencia-nas-sessoes-Fevereiro.pdf\">Download<\/a><\/td>        <\/tr>\n    <\/tbody><!--ninja_tobody_rendering_done-->\n    <\/table>\n    \n    \n    \n<\/div>\n\n","protected":false},"excerpt":{"rendered":"<p>Acesse a Frequ\u00eancia Mensal dos Vereadores da C\u00e2mara Municipal<\/p>\n","protected":false},"author":1,"featured_media":7700,"parent":0,"menu_order":0,"comment_status":"closed","ping_status":"closed","template":"","meta":{"_acf_changed":false,"footnotes":""},"categories":[1],"tags":[],"class_list":["post-7698","page","type-page","status-publish","has-post-thumbnail","hentry","category-exibir-front"],"acf":{"nome":"Frequ\u00eancia Mensal","link":"https:\/\/cmsaobernardo.ma.gov.br\/transparencia\/frequencia-mensal\/","icone":"fas fa-file"},"_links":{"self":[{"href":"https:\/\/cmsaobernardo.ma.gov.br\/transparencia\/wp-json\/wp\/v2\/pages\/7698","targetHints":{"allow":["GET"]}}],"collection":[{"href":"https:\/\/cmsaobernardo.ma.gov.br\/transparencia\/wp-json\/wp\/v2\/pages"}],"about":[{"href":"https:\/\/cmsaobernardo.ma.gov.br\/transparencia\/wp-json\/wp\/v2\/types\/page"}],"author":[{"embeddable":true,"href":"https:\/\/cmsaobernardo.ma.gov.br\/transparencia\/wp-json\/wp\/v2\/users\/1"}],"replies":[{"embeddable":true,"href":"https:\/\/cmsaobernardo.ma.gov.br\/transparencia\/wp-json\/wp\/v2\/comments?post=7698"}],"version-history":[{"count":4,"href":"https:\/\/cmsaobernardo.ma.gov.br\/transparencia\/wp-json\/wp\/v2\/pages\/7698\/revisions"}],"predecessor-version":[{"id":8906,"href":"https:\/\/cmsaobernardo.ma.gov.br\/transparencia\/wp-json\/wp\/v2\/pages\/7698\/revisions\/8906"}],"wp:featuredmedia":[{"embeddable":true,"href":"https:\/\/cmsaobernardo.ma.gov.br\/transparencia\/wp-json\/wp\/v2\/media\/7700"}],"wp:attachment":[{"href":"https:\/\/cmsaobernardo.ma.gov.br\/transparencia\/wp-json\/wp\/v2\/media?parent=7698"}],"wp:term":[{"taxonomy":"category","embeddable":true,"href":"https:\/\/cmsaobernardo.ma.gov.br\/transparencia\/wp-json\/wp\/v2\/categories?post=7698"},{"taxonomy":"post_tag","embeddable":true,"href":"https:\/\/cmsaobernardo.ma.gov.br\/transparencia\/wp-json\/wp\/v2\/tags?post=7698"}],"curies":[{"name":"wp","href":"https:\/\/api.w.org\/{rel}","templated":true}]}}