{"id":7484,"date":"2021-02-09T10:37:17","date_gmt":"2021-02-09T13:37:17","guid":{"rendered":"https:\/\/cmsaobernardo.ma.gov.br\/transparencia\/?page_id=7484"},"modified":"2025-01-14T10:19:22","modified_gmt":"2025-01-14T13:19:22","slug":"gastos-com-diarias","status":"publish","type":"page","link":"https:\/\/cmsaobernardo.ma.gov.br\/transparencia\/gastos-com-diarias\/","title":{"rendered":"Gastos com Di\u00e1rias"},"content":{"rendered":"<p>Acesse as informa\u00e7\u00f5es com Gastos com Di\u00e1rias<\/p>\n<div id=\"footable_parent_8896\"\n         class=\" footable_parent ninja_table_wrapper loading_ninja_table wp_table_data_press_parent semantic_ui \">\n                <table data-ninja_table_instance=\"ninja_table_instance_0\" data-footable_id=\"8896\" data-filter-delay=\"1000\" aria-label=\"Di\u00e1rias\"            id=\"footable_8896\"\n           data-unique_identifier=\"ninja_table_unique_id_3571329605_8896\"\n           class=\" foo-table ninja_footable foo_table_8896 ninja_table_unique_id_3571329605_8896 ui table  nt_type_legacy_table selectable striped vertical_centered  footable-paging-right ninja_table_pro ninja_table_afd_inline ninja_table_has_custom_filter\">\n                <colgroup>\n                            <col class=\"ninja_column_0 \">\n                            <col class=\"ninja_column_1 \">\n                            <col class=\"ninja_column_2 \">\n                            <col class=\"ninja_column_3 \">\n                            <col class=\"ninja_column_4 \">\n                    <\/colgroup>\n        <thead>\n<tr class=\"footable-header\">\n                                                                                        <th scope=\"col\"  class=\"ninja_column_0 ninja_clmn_nm_posttitle \">Descri\u00e7\u00e3o<\/th><th scope=\"col\"  class=\"ninja_column_1 ninja_clmn_nm_postdate \">Data da Publica\u00e7\u00e3o<\/th><th scope=\"col\"  class=\"ninja_column_2 ninja_clmn_nm_diariasano \">Ano<\/th><th scope=\"col\"  class=\"ninja_column_3 ninja_clmn_nm_diariasmes \">M\u00eas<\/th><th scope=\"col\"  class=\"ninja_column_4 ninja_clmn_nm_download \">Download<\/th><\/tr>\n<\/thead>\n<tbody>\n\n        <tr data-row_id=\"0\" class=\"ninja_table_row_0 nt_row_id_0\">\n            <td>Relat\u00f3rio de Di\u00e1rias - Outubro\/2023<\/td><td>06\/11\/2023<\/td><td>2023<\/td><td>Outubro<\/td><td><a target=\"_blank\" download class=\"nt_btn nt_rounded_btn\" style=\"color: rgba(255, 255, 255, 1);background-color: rgba(11, 169, 30, 1);border-color: rgba(11, 169, 30, 1);\" rel=\"\" href=\"https:\/\/cmsaobernardo.ma.gov.br\/transparencia\/wp-content\/uploads\/2024\/06\/RELATORIO-DE-DIARIAS-OUTUBRO-2023.pdf\">Download<\/a><\/td>        <\/tr>\n            <tr data-row_id=\"1\" class=\"ninja_table_row_1 nt_row_id_1\">\n            <td>Relat\u00f3rio de Di\u00e1rias - Setembro\/2023<\/td><td>05\/10\/2023<\/td><td>2023<\/td><td>Setembro<\/td><td><a target=\"_blank\" download class=\"nt_btn nt_rounded_btn\" style=\"color: rgba(255, 255, 255, 1);background-color: rgba(11, 169, 30, 1);border-color: rgba(11, 169, 30, 1);\" rel=\"\" href=\"https:\/\/cmsaobernardo.ma.gov.br\/transparencia\/wp-content\/uploads\/2024\/06\/RELATORIO-DE-DIARIAS-SETEMBRO-2023.pdf\">Download<\/a><\/td>        <\/tr>\n            <tr data-row_id=\"2\" class=\"ninja_table_row_2 nt_row_id_2\">\n            <td>Relat\u00f3rio de Di\u00e1rias - Agosto\/2023<\/td><td>05\/09\/2023<\/td><td>2023<\/td><td>Agosto<\/td><td><a target=\"_blank\" download class=\"nt_btn nt_rounded_btn\" style=\"color: rgba(255, 255, 255, 1);background-color: rgba(11, 169, 30, 1);border-color: rgba(11, 169, 30, 1);\" rel=\"\" href=\"https:\/\/cmsaobernardo.ma.gov.br\/transparencia\/wp-content\/uploads\/2024\/06\/RELATORIO-DE-DIARIAS-AGOSTO-2023.pdf\">Download<\/a><\/td>        <\/tr>\n            <tr data-row_id=\"3\" class=\"ninja_table_row_3 nt_row_id_3\">\n            <td>Relat\u00f3rio de Di\u00e1rias - Julho\/2023<\/td><td>07\/08\/2023<\/td><td>2023<\/td><td>Julho<\/td><td><a target=\"_blank\" download class=\"nt_btn nt_rounded_btn\" style=\"color: rgba(255, 255, 255, 1);background-color: rgba(11, 169, 30, 1);border-color: rgba(11, 169, 30, 1);\" rel=\"\" href=\"https:\/\/cmsaobernardo.ma.gov.br\/transparencia\/wp-content\/uploads\/2024\/06\/RELATORIO-DE-DIARIAS-JULHO-2023.pdf\">Download<\/a><\/td>        <\/tr>\n            <tr data-row_id=\"4\" class=\"ninja_table_row_4 nt_row_id_4\">\n            <td>Relat\u00f3rio de Di\u00e1rias - Junho\/2023<\/td><td>05\/07\/2023<\/td><td>2023<\/td><td>Junho<\/td><td><a target=\"_blank\" download class=\"nt_btn nt_rounded_btn\" style=\"color: rgba(255, 255, 255, 1);background-color: rgba(11, 169, 30, 1);border-color: rgba(11, 169, 30, 1);\" rel=\"\" href=\"https:\/\/cmsaobernardo.ma.gov.br\/transparencia\/wp-content\/uploads\/2024\/06\/RELATORIO-DE-DIARIAS-JUNHO-2023-1.pdf\">Download<\/a><\/td>        <\/tr>\n            <tr data-row_id=\"5\" class=\"ninja_table_row_5 nt_row_id_5\">\n            <td>Relat\u00f3rio de Di\u00e1rias - Maio\/2023<\/td><td>05\/06\/2023<\/td><td>2023<\/td><td>Maio<\/td><td><a target=\"_blank\" download class=\"nt_btn nt_rounded_btn\" style=\"color: rgba(255, 255, 255, 1);background-color: rgba(11, 169, 30, 1);border-color: rgba(11, 169, 30, 1);\" rel=\"\" href=\"https:\/\/cmsaobernardo.ma.gov.br\/transparencia\/wp-content\/uploads\/2024\/06\/RELATORIO-DE-DIARIAS-MAIO-2023.pdf\">Download<\/a><\/td>        <\/tr>\n            <tr data-row_id=\"6\" class=\"ninja_table_row_6 nt_row_id_6\">\n            <td>Relat\u00f3rio de Di\u00e1rias - Abrill\/2023<\/td><td>05\/05\/2023<\/td><td>2023<\/td><td>Abril<\/td><td><a target=\"_blank\" download class=\"nt_btn nt_rounded_btn\" style=\"color: rgba(255, 255, 255, 1);background-color: rgba(11, 169, 30, 1);border-color: rgba(11, 169, 30, 1);\" rel=\"\" href=\"https:\/\/cmsaobernardo.ma.gov.br\/transparencia\/wp-content\/uploads\/2024\/06\/RELATORIO-DE-DIARIAS-ABRIL-2023.pdf\">Download<\/a><\/td>        <\/tr>\n            <tr data-row_id=\"7\" class=\"ninja_table_row_7 nt_row_id_7\">\n            <td>Relat\u00f3rio de Di\u00e1rias - Mar\u00e7o\/2023<\/td><td>05\/04\/2023<\/td><td>2023<\/td><td>Mar\u00e7o<\/td><td><a target=\"_blank\" download class=\"nt_btn nt_rounded_btn\" style=\"color: rgba(255, 255, 255, 1);background-color: rgba(11, 169, 30, 1);border-color: rgba(11, 169, 30, 1);\" rel=\"\" href=\"https:\/\/cmsaobernardo.ma.gov.br\/transparencia\/wp-content\/uploads\/2024\/06\/RELATORIO-DE-DIARIAS-MARCO-2023.pdf\">Download<\/a><\/td>        <\/tr>\n            <tr data-row_id=\"8\" class=\"ninja_table_row_8 nt_row_id_8\">\n            <td>Relat\u00f3rio de Di\u00e1rias - Fevereiro\/2023<\/td><td>06\/03\/2023<\/td><td>2023<\/td><td>Fevereiro<\/td><td><a target=\"_blank\" download class=\"nt_btn nt_rounded_btn\" style=\"color: rgba(255, 255, 255, 1);background-color: rgba(11, 169, 30, 1);border-color: rgba(11, 169, 30, 1);\" rel=\"\" href=\"https:\/\/cmsaobernardo.ma.gov.br\/transparencia\/wp-content\/uploads\/2024\/06\/RELATORIO-DE-DIARIAS-FEVEREIRO-2023.pdf\">Download<\/a><\/td>        <\/tr>\n            <tr data-row_id=\"9\" class=\"ninja_table_row_9 nt_row_id_9\">\n            <td>Relat\u00f3rio de Di\u00e1rias - Janeiro\/2023<\/td><td>06\/02\/2023<\/td><td>2023<\/td><td>Janeiro<\/td><td><a target=\"_blank\" download class=\"nt_btn nt_rounded_btn\" style=\"color: rgba(255, 255, 255, 1);background-color: rgba(11, 169, 30, 1);border-color: rgba(11, 169, 30, 1);\" rel=\"\" href=\"https:\/\/cmsaobernardo.ma.gov.br\/transparencia\/wp-content\/uploads\/2024\/06\/RELATORIO-DE-DIARIAS-JANEIRO-2023.pdf\">Download<\/a><\/td>        <\/tr>\n            <tr data-row_id=\"10\" class=\"ninja_table_row_10 nt_row_id_10\">\n            <td>Relat\u00f3rio de Di\u00e1rias - Julho\/2022<\/td><td>05\/08\/2022<\/td><td>2022<\/td><td>Julho<\/td><td><a target=\"_blank\" download class=\"nt_btn nt_rounded_btn\" style=\"color: rgba(255, 255, 255, 1);background-color: rgba(11, 169, 30, 1);border-color: rgba(11, 169, 30, 1);\" rel=\"\" href=\"https:\/\/cmsaobernardo.ma.gov.br\/transparencia\/wp-content\/uploads\/2022\/07\/RELATORIO-DE-DIARIAS-JULHO-2022.pdf\">Download<\/a><\/td>        <\/tr>\n            <tr data-row_id=\"11\" class=\"ninja_table_row_11 nt_row_id_11\">\n            <td>Relat\u00f3rio de Di\u00e1rias - Junho\/2022<\/td><td>05\/07\/2022<\/td><td>2022<\/td><td>Junho<\/td><td><a target=\"_blank\" download class=\"nt_btn nt_rounded_btn\" style=\"color: rgba(255, 255, 255, 1);background-color: rgba(11, 169, 30, 1);border-color: rgba(11, 169, 30, 1);\" rel=\"\" href=\"https:\/\/cmsaobernardo.ma.gov.br\/transparencia\/wp-content\/uploads\/2022\/07\/RELATORIO-DE-DIARIAS-JUNHO-2022.pdf\">Download<\/a><\/td>        <\/tr>\n            <tr data-row_id=\"12\" class=\"ninja_table_row_12 nt_row_id_12\">\n            <td>Relat\u00f3rio de Di\u00e1rias - Maio\/2022<\/td><td>06\/06\/2022<\/td><td>2022<\/td><td>Maio<\/td><td><a target=\"_blank\" download class=\"nt_btn nt_rounded_btn\" style=\"color: rgba(255, 255, 255, 1);background-color: rgba(11, 169, 30, 1);border-color: rgba(11, 169, 30, 1);\" rel=\"\" href=\"https:\/\/cmsaobernardo.ma.gov.br\/transparencia\/wp-content\/uploads\/2022\/05\/RELATORIO-DE-DIARIAS-MAIO-2022.pdf\">Download<\/a><\/td>        <\/tr>\n            <tr data-row_id=\"13\" class=\"ninja_table_row_13 nt_row_id_13\">\n            <td>Relat\u00f3rio de Di\u00e1rias - Abril\/2022<\/td><td>05\/05\/2022<\/td><td>2022<\/td><td>Abril<\/td><td><a target=\"_blank\" download class=\"nt_btn nt_rounded_btn\" style=\"color: rgba(255, 255, 255, 1);background-color: rgba(11, 169, 30, 1);border-color: rgba(11, 169, 30, 1);\" rel=\"\" href=\"https:\/\/cmsaobernardo.ma.gov.br\/transparencia\/wp-content\/uploads\/2022\/05\/RELATORIO-DE-DIARIAS-ABRIL-2022.pdf\">Download<\/a><\/td>        <\/tr>\n            <tr data-row_id=\"14\" class=\"ninja_table_row_14 nt_row_id_14\">\n            <td>Relat\u00f3rio de Di\u00e1rias - Mar\u00e7o\/2022<\/td><td>05\/04\/2022<\/td><td>2022<\/td><td>Mar\u00e7o<\/td><td><a target=\"_blank\" download class=\"nt_btn nt_rounded_btn\" style=\"color: rgba(255, 255, 255, 1);background-color: rgba(11, 169, 30, 1);border-color: rgba(11, 169, 30, 1);\" rel=\"\" href=\"https:\/\/cmsaobernardo.ma.gov.br\/transparencia\/wp-content\/uploads\/2022\/05\/RELATORIO-DE-DIARIAS-MARCO-2022.pdf\">Download<\/a><\/td>        <\/tr>\n            <tr data-row_id=\"15\" class=\"ninja_table_row_15 nt_row_id_15\">\n            <td>Relat\u00f3rio de Di\u00e1rias - Fevereiro\/2022<\/td><td>07\/03\/2022<\/td><td>2022<\/td><td>Fevereiro<\/td><td><a target=\"_blank\" download class=\"nt_btn nt_rounded_btn\" style=\"color: rgba(255, 255, 255, 1);background-color: rgba(11, 169, 30, 1);border-color: rgba(11, 169, 30, 1);\" rel=\"\" href=\"https:\/\/cmsaobernardo.ma.gov.br\/transparencia\/wp-content\/uploads\/2022\/05\/RELATORIO-DE-DIARIAS-FEVEREIRO-2022-SEGUNDA.pdf\">Download<\/a><\/td>        <\/tr>\n            <tr data-row_id=\"16\" class=\"ninja_table_row_16 nt_row_id_16\">\n            <td>Relat\u00f3rio de Di\u00e1rias - Fevereiro\/2022<\/td><td>07\/03\/2022<\/td><td>2022<\/td><td>Fevereiro<\/td><td><a target=\"_blank\" download class=\"nt_btn nt_rounded_btn\" style=\"color: rgba(255, 255, 255, 1);background-color: rgba(11, 169, 30, 1);border-color: rgba(11, 169, 30, 1);\" rel=\"\" href=\"https:\/\/cmsaobernardo.ma.gov.br\/transparencia\/wp-content\/uploads\/2022\/05\/RELATORIO-DE-DIARIAS-FEVEREIRO-2022.pdf\">Download<\/a><\/td>        <\/tr>\n            <tr data-row_id=\"17\" class=\"ninja_table_row_17 nt_row_id_17\">\n            <td>Relat\u00f3rio de Di\u00e1rias - Janeiro\/2022<\/td><td>07\/02\/2022<\/td><td>2022<\/td><td>Janeiro<\/td><td><a target=\"_blank\" download class=\"nt_btn nt_rounded_btn\" style=\"color: rgba(255, 255, 255, 1);background-color: rgba(11, 169, 30, 1);border-color: rgba(11, 169, 30, 1);\" rel=\"\" href=\"https:\/\/cmsaobernardo.ma.gov.br\/transparencia\/wp-content\/uploads\/2022\/05\/RELATORIO-DE-DIARIAS-JANEIRO-2022-1.pdf\">Download<\/a><\/td>        <\/tr>\n            <tr data-row_id=\"18\" class=\"ninja_table_row_18 nt_row_id_18\">\n            <td>Relat\u00f3rio de Di\u00e1rias - Outubro\/2021<\/td><td>05\/11\/2021<\/td><td>2021<\/td><td>Outubro<\/td><td><a target=\"_blank\" download class=\"nt_btn nt_rounded_btn\" style=\"color: rgba(255, 255, 255, 1);background-color: rgba(11, 169, 30, 1);border-color: rgba(11, 169, 30, 1);\" rel=\"\" href=\"https:\/\/cmsaobernardo.ma.gov.br\/transparencia\/wp-content\/uploads\/2021\/11\/outubro-2021.pdf\">Download<\/a><\/td>        <\/tr>\n            <tr data-row_id=\"19\" class=\"ninja_table_row_19 nt_row_id_19\">\n            <td>Relat\u00f3rio de Di\u00e1rias - Setembro\/2021<\/td><td>05\/10\/2021<\/td><td>2021<\/td><td>Setembro<\/td><td><a target=\"_blank\" download class=\"nt_btn nt_rounded_btn\" style=\"color: rgba(255, 255, 255, 1);background-color: rgba(11, 169, 30, 1);border-color: rgba(11, 169, 30, 1);\" rel=\"\" href=\"https:\/\/cmsaobernardo.ma.gov.br\/transparencia\/wp-content\/uploads\/2021\/10\/setembro-2021.pdf\">Download<\/a><\/td>        <\/tr>\n            <tr data-row_id=\"20\" class=\"ninja_table_row_20 nt_row_id_20\">\n            <td>Relat\u00f3rio de Di\u00e1rias - Agosto\/2021<\/td><td>06\/09\/2021<\/td><td>2021<\/td><td>Agosto<\/td><td><a target=\"_blank\" download class=\"nt_btn nt_rounded_btn\" style=\"color: rgba(255, 255, 255, 1);background-color: rgba(11, 169, 30, 1);border-color: rgba(11, 169, 30, 1);\" rel=\"\" href=\"https:\/\/cmsaobernardo.ma.gov.br\/transparencia\/wp-content\/uploads\/2021\/11\/agosto-2021.pdf\">Download<\/a><\/td>        <\/tr>\n            <tr data-row_id=\"21\" class=\"ninja_table_row_21 nt_row_id_21\">\n            <td>Relat\u00f3rio de Di\u00e1rias - Julho\/2021<\/td><td>05\/08\/2021<\/td><td>2021<\/td><td>Julho<\/td><td><a target=\"_blank\" download class=\"nt_btn nt_rounded_btn\" style=\"color: rgba(255, 255, 255, 1);background-color: rgba(11, 169, 30, 1);border-color: rgba(11, 169, 30, 1);\" rel=\"\" href=\"https:\/\/cmsaobernardo.ma.gov.br\/transparencia\/wp-content\/uploads\/2021\/11\/julho-2021.pdf\">Download<\/a><\/td>        <\/tr>\n            <tr data-row_id=\"22\" class=\"ninja_table_row_22 nt_row_id_22\">\n            <td>Relat\u00f3rio de Di\u00e1rias - Junho\/2021<\/td><td>05\/07\/2021<\/td><td>2021<\/td><td>Junho<\/td><td><a target=\"_blank\" download class=\"nt_btn nt_rounded_btn\" style=\"color: rgba(255, 255, 255, 1);background-color: rgba(11, 169, 30, 1);border-color: rgba(11, 169, 30, 1);\" rel=\"\" href=\"https:\/\/cmsaobernardo.ma.gov.br\/transparencia\/wp-content\/uploads\/2021\/11\/junho-2021.pdf\">Download<\/a><\/td>        <\/tr>\n            <tr data-row_id=\"23\" class=\"ninja_table_row_23 nt_row_id_23\">\n            <td>Relat\u00f3rio de Di\u00e1rias - Maio\/2021<\/td><td>07\/06\/2021<\/td><td>2021<\/td><td>Maio<\/td><td><a target=\"_blank\" download class=\"nt_btn nt_rounded_btn\" style=\"color: rgba(255, 255, 255, 1);background-color: rgba(11, 169, 30, 1);border-color: rgba(11, 169, 30, 1);\" rel=\"\" href=\"https:\/\/cmsaobernardo.ma.gov.br\/transparencia\/wp-content\/uploads\/2021\/11\/maio-2021.pdf\">Download<\/a><\/td>        <\/tr>\n            <tr data-row_id=\"24\" class=\"ninja_table_row_24 nt_row_id_24\">\n            <td>Relat\u00f3rio de Di\u00e1rias \u2013 Abril\/2021<\/td><td>05\/05\/2021<\/td><td>2021<\/td><td>Abril<\/td><td><a target=\"_blank\" download class=\"nt_btn nt_rounded_btn\" style=\"color: rgba(255, 255, 255, 1);background-color: rgba(11, 169, 30, 1);border-color: rgba(11, 169, 30, 1);\" rel=\"\" href=\"https:\/\/cmsaobernardo.ma.gov.br\/transparencia\/wp-content\/uploads\/2021\/11\/abril-2021.pdf\">Download<\/a><\/td>        <\/tr>\n            <tr data-row_id=\"25\" class=\"ninja_table_row_25 nt_row_id_25\">\n            <td>Relat\u00f3rio de Di\u00e1rias - Mar\u00e7o\/2021<\/td><td>05\/04\/2021<\/td><td>2021<\/td><td>Mar\u00e7o<\/td><td><a target=\"_blank\" download class=\"nt_btn nt_rounded_btn\" style=\"color: rgba(255, 255, 255, 1);background-color: rgba(11, 169, 30, 1);border-color: rgba(11, 169, 30, 1);\" rel=\"\" href=\"https:\/\/cmsaobernardo.ma.gov.br\/transparencia\/wp-content\/uploads\/2021\/11\/marco-2021.pdf\">Download<\/a><\/td>        <\/tr>\n            <tr data-row_id=\"26\" class=\"ninja_table_row_26 nt_row_id_26\">\n            <td>Relat\u00f3rio de Di\u00e1rias - Fevereiro\/2021<\/td><td>05\/03\/2021<\/td><td>2021<\/td><td>Fevereiro<\/td><td><a target=\"_blank\" download class=\"nt_btn nt_rounded_btn\" style=\"color: rgba(255, 255, 255, 1);background-color: rgba(11, 169, 30, 1);border-color: rgba(11, 169, 30, 1);\" rel=\"\" href=\"https:\/\/cmsaobernardo.ma.gov.br\/transparencia\/wp-content\/uploads\/2021\/11\/fevereiro-2021.pdf\">Download<\/a><\/td>        <\/tr>\n            <tr data-row_id=\"27\" class=\"ninja_table_row_27 nt_row_id_27\">\n            <td>Relat\u00f3rio de Di\u00e1rias - Janeiro\/2021<\/td><td>05\/02\/2021<\/td><td>2021<\/td><td>Janeiro<\/td><td><a target=\"_blank\" download class=\"nt_btn nt_rounded_btn\" style=\"color: rgba(255, 255, 255, 1);background-color: rgba(11, 169, 30, 1);border-color: rgba(11, 169, 30, 1);\" rel=\"\" href=\"https:\/\/cmsaobernardo.ma.gov.br\/transparencia\/wp-content\/uploads\/2021\/11\/janeiro-2021.pdf\">Download<\/a><\/td>        <\/tr>\n    <\/tbody><!--ninja_tobody_rendering_done-->\n    <\/table>\n    \n    \n    \n<\/div>\n\n","protected":false},"excerpt":{"rendered":"<p>Acesse as informa\u00e7\u00f5es com Gastos com Di\u00e1rias<\/p>\n","protected":false},"author":1,"featured_media":7567,"parent":0,"menu_order":0,"comment_status":"closed","ping_status":"closed","template":"","meta":{"_acf_changed":false,"footnotes":""},"categories":[1],"tags":[],"class_list":["post-7484","page","type-page","status-publish","has-post-thumbnail","hentry","category-exibir-front"],"acf":{"nome":"Gastos com Di\u00e1rias","link":"https:\/\/cmsaobernardo.ma.gov.br\/transparencia\/gastos-com-diarias\/","icone":"fas fa-file"},"_links":{"self":[{"href":"https:\/\/cmsaobernardo.ma.gov.br\/transparencia\/wp-json\/wp\/v2\/pages\/7484","targetHints":{"allow":["GET"]}}],"collection":[{"href":"https:\/\/cmsaobernardo.ma.gov.br\/transparencia\/wp-json\/wp\/v2\/pages"}],"about":[{"href":"https:\/\/cmsaobernardo.ma.gov.br\/transparencia\/wp-json\/wp\/v2\/types\/page"}],"author":[{"embeddable":true,"href":"https:\/\/cmsaobernardo.ma.gov.br\/transparencia\/wp-json\/wp\/v2\/users\/1"}],"replies":[{"embeddable":true,"href":"https:\/\/cmsaobernardo.ma.gov.br\/transparencia\/wp-json\/wp\/v2\/comments?post=7484"}],"version-history":[{"count":2,"href":"https:\/\/cmsaobernardo.ma.gov.br\/transparencia\/wp-json\/wp\/v2\/pages\/7484\/revisions"}],"predecessor-version":[{"id":8897,"href":"https:\/\/cmsaobernardo.ma.gov.br\/transparencia\/wp-json\/wp\/v2\/pages\/7484\/revisions\/8897"}],"wp:featuredmedia":[{"embeddable":true,"href":"https:\/\/cmsaobernardo.ma.gov.br\/transparencia\/wp-json\/wp\/v2\/media\/7567"}],"wp:attachment":[{"href":"https:\/\/cmsaobernardo.ma.gov.br\/transparencia\/wp-json\/wp\/v2\/media?parent=7484"}],"wp:term":[{"taxonomy":"category","embeddable":true,"href":"https:\/\/cmsaobernardo.ma.gov.br\/transparencia\/wp-json\/wp\/v2\/categories?post=7484"},{"taxonomy":"post_tag","embeddable":true,"href":"https:\/\/cmsaobernardo.ma.gov.br\/transparencia\/wp-json\/wp\/v2\/tags?post=7484"}],"curies":[{"name":"wp","href":"https:\/\/api.w.org\/{rel}","templated":true}]}}