{"id":7426,"date":"2021-10-06T13:57:15","date_gmt":"2021-10-06T16:57:15","guid":{"rendered":"https:\/\/cmsaobernardo.ma.gov.br\/transparencia\/?page_id=7426"},"modified":"2021-10-06T13:57:15","modified_gmt":"2021-10-06T16:57:15","slug":"oficios","status":"publish","type":"page","link":"https:\/\/cmsaobernardo.ma.gov.br\/transparencia\/oficios\/","title":{"rendered":"Of\u00edcios"},"content":{"rendered":"<p>Acesse os Of\u00edcios da C\u00e2mara Municipal<\/p>\n","protected":false},"excerpt":{"rendered":"<p>Acesse os Of\u00edcios da C\u00e2mara Municipal<\/p>\n","protected":false},"author":1,"featured_media":7427,"parent":0,"menu_order":0,"comment_status":"closed","ping_status":"closed","template":"oficios.php","meta":{"_acf_changed":false,"footnotes":""},"categories":[1],"tags":[],"class_list":["post-7426","page","type-page","status-publish","has-post-thumbnail","hentry","category-exibir-front"],"acf":{"nome":"Of\u00edcios","link":"https:\/\/cmsaobernardo.ma.gov.br\/transparencia\/oficios\/","icone":"fas fa-file"},"_links":{"self":[{"href":"https:\/\/cmsaobernardo.ma.gov.br\/transparencia\/wp-json\/wp\/v2\/pages\/7426","targetHints":{"allow":["GET"]}}],"collection":[{"href":"https:\/\/cmsaobernardo.ma.gov.br\/transparencia\/wp-json\/wp\/v2\/pages"}],"about":[{"href":"https:\/\/cmsaobernardo.ma.gov.br\/transparencia\/wp-json\/wp\/v2\/types\/page"}],"author":[{"embeddable":true,"href":"https:\/\/cmsaobernardo.ma.gov.br\/transparencia\/wp-json\/wp\/v2\/users\/1"}],"replies":[{"embeddable":true,"href":"https:\/\/cmsaobernardo.ma.gov.br\/transparencia\/wp-json\/wp\/v2\/comments?post=7426"}],"version-history":[{"count":1,"href":"https:\/\/cmsaobernardo.ma.gov.br\/transparencia\/wp-json\/wp\/v2\/pages\/7426\/revisions"}],"predecessor-version":[{"id":7429,"href":"https:\/\/cmsaobernardo.ma.gov.br\/transparencia\/wp-json\/wp\/v2\/pages\/7426\/revisions\/7429"}],"wp:featuredmedia":[{"embeddable":true,"href":"https:\/\/cmsaobernardo.ma.gov.br\/transparencia\/wp-json\/wp\/v2\/media\/7427"}],"wp:attachment":[{"href":"https:\/\/cmsaobernardo.ma.gov.br\/transparencia\/wp-json\/wp\/v2\/media?parent=7426"}],"wp:term":[{"taxonomy":"category","embeddable":true,"href":"https:\/\/cmsaobernardo.ma.gov.br\/transparencia\/wp-json\/wp\/v2\/categories?post=7426"},{"taxonomy":"post_tag","embeddable":true,"href":"https:\/\/cmsaobernardo.ma.gov.br\/transparencia\/wp-json\/wp\/v2\/tags?post=7426"}],"curies":[{"name":"wp","href":"https:\/\/api.w.org\/{rel}","templated":true}]}}